{"id":1265,"date":"2026-03-30T12:50:38","date_gmt":"2026-03-30T12:50:38","guid":{"rendered":"https:\/\/bochumer-grundbau.de\/?page_id=1265"},"modified":"2026-03-30T14:37:06","modified_gmt":"2026-03-30T14:37:06","slug":"datenschutz","status":"publish","type":"page","link":"https:\/\/bochumer-grundbau.de\/index.php\/datenschutz\/","title":{"rendered":"Datenschutz"},"content":{"rendered":"\t\t<div data-elementor-type=\"wp-page\" data-elementor-id=\"1265\" class=\"elementor elementor-1265\" data-elementor-post-type=\"page\">\n\t\t\t\t<div class=\"elementor-element elementor-element-51d87e0 e-flex e-con-boxed e-con e-parent\" data-id=\"51d87e0\" data-element_type=\"container\" data-e-type=\"container\" data-settings=\"{&quot;background_background&quot;:&quot;classic&quot;}\">\n\t\t\t\t\t<div class=\"e-con-inner\">\n\t\t\t\t<div class=\"elementor-element elementor-element-d0f3b71 elementor-widget elementor-widget-heading\" data-id=\"d0f3b71\" data-element_type=\"widget\" data-e-type=\"widget\" data-widget_type=\"heading.default\">\n\t\t\t\t\t<h1 class=\"elementor-heading-title elementor-size-default\">Datenschutz<\/h1>\t\t\t\t<\/div>\n\t\t\t\t\t<\/div>\n\t\t\t\t<\/div>\n\t\t<div class=\"elementor-element elementor-element-9d9f222 e-con-full e-flex e-con e-parent\" data-id=\"9d9f222\" data-element_type=\"container\" data-e-type=\"container\">\n\t\t<div class=\"elementor-element elementor-element-7fd2c2c e-con-full e-flex e-con e-child\" data-id=\"7fd2c2c\" data-element_type=\"container\" data-e-type=\"container\" data-settings=\"{&quot;background_background&quot;:&quot;classic&quot;}\">\n\t\t<div class=\"elementor-element elementor-element-f4166fd e-con-full e-flex e-con e-child\" data-id=\"f4166fd\" data-element_type=\"container\" data-e-type=\"container\">\n\t\t<div class=\"elementor-element elementor-element-132d074 e-con-full e-flex e-con e-child\" data-id=\"132d074\" data-element_type=\"container\" data-e-type=\"container\" data-settings=\"{&quot;background_background&quot;:&quot;classic&quot;}\">\n\t\t\t\t<div class=\"elementor-element elementor-element-f3b699e elementor-widget__width-initial elementor-widget elementor-widget-text-editor\" data-id=\"f3b699e\" data-element_type=\"widget\" data-e-type=\"widget\" data-widget_type=\"text-editor.default\">\n\t\t\t\t\t\t\t\t\t<h5 data-section-id=\"1fec0qf\" data-start=\"385\" data-end=\"418\">1. Datenschutz auf einen Blick<\/h5><h5 data-section-id=\"ja1lil\" data-start=\"420\" data-end=\"445\">Allgemeine Hinweise<\/h5><p data-start=\"446\" data-end=\"776\">Die folgenden Hinweise geben einen einfachen \u00dcberblick dar\u00fcber, was mit Ihren personenbezogenen Daten passiert, wenn Sie diese Website besuchen. Personenbezogene Daten sind alle Daten, mit denen Sie pers\u00f6nlich identifiziert werden k\u00f6nnen. Ausf\u00fchrliche Informationen zum Thema Datenschutz entnehmen Sie dieser Datenschutzerkl\u00e4rung.<\/p><hr data-start=\"778\" data-end=\"781\" \/><h5 data-section-id=\"ewrk7p\" data-start=\"783\" data-end=\"822\">Datenerfassung auf dieser Website<\/h5><h5 data-start=\"824\" data-end=\"896\">Wer ist verantwortlich f\u00fcr die Datenerfassung auf dieser Website?<\/h5><p data-start=\"897\" data-end=\"1067\">Die Datenverarbeitung auf dieser Website erfolgt durch den Websitebetreiber. Dessen Kontaktdaten k\u00f6nnen Sie dem Abschnitt \u201eHinweis zur verantwortlichen Stelle\u201c entnehmen.<\/p><hr data-start=\"1069\" data-end=\"1072\" \/><h5 data-start=\"1074\" data-end=\"1109\">Wie erfassen wir Ihre Daten?<\/h5><p data-start=\"1110\" data-end=\"1228\">Ihre Daten werden zum einen dadurch erhoben, dass Sie uns diese mitteilen, z. B. durch Eingabe in ein Kontaktformular.<\/p><p data-start=\"1230\" data-end=\"1448\">Andere Daten werden automatisch oder nach Ihrer Einwilligung beim Besuch der Website durch unsere IT-Systeme erfasst. Dies sind vor allem technische Daten (z. B. Browser, Betriebssystem oder Uhrzeit des Seitenaufrufs).<\/p><hr data-start=\"1450\" data-end=\"1453\" \/><h5 data-start=\"1455\" data-end=\"1490\">Wof\u00fcr nutzen wir Ihre Daten?<\/h5><p data-start=\"1491\" data-end=\"1654\">Ein Teil der Daten wird erhoben, um eine fehlerfreie Bereitstellung der Website zu gew\u00e4hrleisten. Andere Daten dienen der Bearbeitung von Anfragen und Bewerbungen.<\/p><hr data-start=\"1656\" data-end=\"1659\" \/><h5 data-start=\"1661\" data-end=\"1714\">Welche Rechte haben Sie bez\u00fcglich Ihrer Daten?<\/h5><p data-start=\"1715\" data-end=\"1749\">Sie haben jederzeit das Recht auf:<\/p><ul data-start=\"1751\" data-end=\"1958\"><li data-section-id=\"f9qm1y\" data-start=\"1751\" data-end=\"1793\">Auskunft \u00fcber Ihre gespeicherten Daten<\/li><li data-section-id=\"1b9n4nv\" data-start=\"1794\" data-end=\"1824\">Berichtigung oder L\u00f6schung<\/li><li data-section-id=\"9enzfe\" data-start=\"1825\" data-end=\"1859\">Einschr\u00e4nkung der Verarbeitung<\/li><li data-section-id=\"1wn7w4f\" data-start=\"1860\" data-end=\"1891\">Widerruf einer Einwilligung<\/li><li data-section-id=\"1wshal5\" data-start=\"1892\" data-end=\"1916\">Daten\u00fcbertragbarkeit<\/li><li data-section-id=\"bw6mpv\" data-start=\"1917\" data-end=\"1958\">Beschwerde bei einer Aufsichtsbeh\u00f6rde<\/li><\/ul><hr data-start=\"1960\" data-end=\"1963\" \/><h5 data-section-id=\"1y4s309\" data-start=\"1965\" data-end=\"1978\">2. Hosting<\/h5><p data-start=\"1980\" data-end=\"2042\">Wir hosten die Inhalte unserer Website bei folgendem Anbieter:<\/p><p data-start=\"2044\" data-end=\"2100\"><strong data-start=\"2044\" data-end=\"2057\">STRATO AG<\/strong><br data-start=\"2057\" data-end=\"2060\" \/>Otto-Ostrowski-Stra\u00dfe 7<br data-start=\"2083\" data-end=\"2086\" \/>10249 Berlin<\/p><p data-start=\"2102\" data-end=\"2201\">Wenn Sie unsere Website besuchen, erfasst Strato verschiedene Logfiles inklusive Ihrer IP-Adressen.<\/p><p data-start=\"2203\" data-end=\"2279\">Weitere Informationen finden Sie unter:<br data-start=\"2242\" data-end=\"2245\" \/><a class=\"decorated-link\" href=\"https:\/\/www.strato.de\/datenschutz\/?utm_source=chatgpt.com\" target=\"_new\" rel=\"noopener\" data-start=\"2245\" data-end=\"2279\">https:\/\/www.strato.de\/datenschutz\/<\/a><\/p><p data-start=\"2281\" data-end=\"2497\">Die Verwendung erfolgt auf Grundlage von Art. 6 Abs. 1 lit. f DSGVO.<br data-start=\"2349\" data-end=\"2352\" \/>Sofern eine Einwilligung abgefragt wurde, erfolgt die Verarbeitung zus\u00e4tzlich auf Grundlage von Art. 6 Abs. 1 lit. a DSGVO und \u00a7 25 Abs. 1 TDDDG.<\/p><p data-start=\"2499\" data-end=\"2572\">Wir haben einen Vertrag \u00fcber Auftragsverarbeitung mit Strato geschlossen.<\/p><hr data-start=\"2574\" data-end=\"2577\" \/><h5 data-section-id=\"199bp5z\" data-start=\"2579\" data-end=\"2629\">3. Allgemeine Hinweise und Pflichtinformationen<\/h5><h5 data-section-id=\"1ihv5hb\" data-start=\"2631\" data-end=\"2648\">Datenschutz<\/h5><p data-start=\"2649\" data-end=\"2731\">Die Betreiber dieser Seiten nehmen den Schutz Ihrer pers\u00f6nlichen Daten sehr ernst.<\/p><hr data-start=\"2733\" data-end=\"2736\" \/><h5 data-section-id=\"12adr96\" data-start=\"2738\" data-end=\"2779\">Hinweis zur verantwortlichen Stelle<\/h5><p data-start=\"2781\" data-end=\"2843\">bochumer grundbau GmbH<br data-start=\"2803\" data-end=\"2806\" \/>Auf dem Dahlacker 67<br data-start=\"2826\" data-end=\"2829\" \/>44809 Bochum<\/p><p data-start=\"2845\" data-end=\"2908\">E-Mail: <a class=\"decorated-link cursor-pointer\" rel=\"noopener\" data-start=\"2853\" data-end=\"2878\">info@bochumer-grundbau.de<\/a><br data-start=\"2878\" data-end=\"2881\" \/>Telefon: 0234 &#8211; 95 800 52<\/p><hr data-start=\"2910\" data-end=\"2913\" \/><h5 data-section-id=\"sb0f1u\" data-start=\"2915\" data-end=\"2934\">Speicherdauer<\/h5><p data-start=\"2935\" data-end=\"3071\">Ihre personenbezogenen Daten verbleiben bei uns, bis der Zweck der Verarbeitung entf\u00e4llt oder gesetzliche Aufbewahrungsfristen bestehen.<\/p><hr data-start=\"3073\" data-end=\"3076\" \/><h5 data-section-id=\"1h36nqp\" data-start=\"3078\" data-end=\"3117\">Rechtsgrundlagen der Verarbeitung<\/h5><p data-start=\"3118\" data-end=\"3174\">Die Verarbeitung erfolgt je nach Fall auf Grundlage von:<\/p><ul data-start=\"3176\" data-end=\"3420\"><li data-section-id=\"uzyhsw\" data-start=\"3176\" data-end=\"3221\">Art. 6 Abs. 1 lit. a DSGVO (Einwilligung)<\/li><li data-section-id=\"r5gsto\" data-start=\"3222\" data-end=\"3262\">Art. 6 Abs. 1 lit. b DSGVO (Vertrag)<\/li><li data-section-id=\"s9pa0z\" data-start=\"3263\" data-end=\"3314\">Art. 6 Abs. 1 lit. c DSGVO (rechtliche Pflicht)<\/li><li data-section-id=\"14jmtu6\" data-start=\"3315\" data-end=\"3370\">Art. 6 Abs. 1 lit. f DSGVO (berechtigtes Interesse)<\/li><li data-section-id=\"1ep1yol\" data-start=\"3371\" data-end=\"3420\">\u00a7 25 Abs. 1 TDDDG (Cookies \/ Endger\u00e4tzugriff)<\/li><\/ul><hr data-start=\"3422\" data-end=\"3425\" \/><h5 data-section-id=\"1mshjw0\" data-start=\"3427\" data-end=\"3448\">Beschwerderecht<\/h5><p data-start=\"3449\" data-end=\"3527\">Sie haben ein Beschwerderecht bei der zust\u00e4ndigen Datenschutzaufsichtsbeh\u00f6rde.<\/p><hr data-start=\"3529\" data-end=\"3532\" \/><h5 data-section-id=\"wengwc\" data-start=\"3534\" data-end=\"3573\">4. Datenerfassung auf dieser Website<\/h5><hr data-start=\"3575\" data-end=\"3578\" \/><h5 data-section-id=\"1h4n3g1\" data-start=\"3580\" data-end=\"3593\">Cookies<\/h5><p data-start=\"3594\" data-end=\"3713\">Unsere Website verwendet Cookies. Einige Cookies sind technisch notwendig, andere werden nur nach Einwilligung gesetzt.<\/p><hr data-start=\"3715\" data-end=\"3718\" \/><h5 data-section-id=\"1m6lj4p\" data-start=\"3720\" data-end=\"3752\">Einwilligung mit Complianz<\/h5><p data-start=\"3753\" data-end=\"3845\">Diese Website nutzt <span class=\"hover:entity-accent entity-underline inline cursor-pointer align-baseline\"><span class=\"whitespace-normal\">Complianz<\/span><\/span> zur Verwaltung von Einwilligungen.<\/p><p data-start=\"3847\" data-end=\"3926\">Anbieter:<br data-start=\"3856\" data-end=\"3859\" \/>Complianz B.V.<br data-start=\"3873\" data-end=\"3876\" \/>Kalmarweg 14-5<br data-start=\"3890\" data-end=\"3893\" \/>9723 JG Groningen<br data-start=\"3910\" data-end=\"3913\" \/>Niederlande<\/p><p data-start=\"3928\" data-end=\"3959\">Dabei werden u. a. verarbeitet:<\/p><ul data-start=\"3961\" data-end=\"4055\"><li data-section-id=\"1wjw9ep\" data-start=\"3961\" data-end=\"3984\">Einwilligungsstatus<\/li><li data-section-id=\"1h0uk97\" data-start=\"3985\" data-end=\"3999\">IP-Adresse<\/li><li data-section-id=\"1b60mir\" data-start=\"4000\" data-end=\"4024\">Browserinformationen<\/li><li data-section-id=\"lcbswz\" data-start=\"4025\" data-end=\"4055\">Zeitpunkt der Einwilligung<\/li><\/ul><hr data-start=\"4057\" data-end=\"4060\" \/><h5 data-section-id=\"8xdm7l\" data-start=\"4062\" data-end=\"4086\">Server-Log-Dateien<\/h5><p data-start=\"4087\" data-end=\"4134\">Der Provider erhebt automatisch folgende Daten:<\/p><ul data-start=\"4136\" data-end=\"4226\"><li data-section-id=\"4rxf3t\" data-start=\"4136\" data-end=\"4150\">Browsertyp<\/li><li data-section-id=\"kiy1ht\" data-start=\"4151\" data-end=\"4169\">Betriebssystem<\/li><li data-section-id=\"anwpz4\" data-start=\"4170\" data-end=\"4186\">Referrer URL<\/li><li data-section-id=\"1oh5qvj\" data-start=\"4187\" data-end=\"4199\">Hostname<\/li><li data-section-id=\"1i86l8l\" data-start=\"4200\" data-end=\"4211\">Uhrzeit<\/li><li data-section-id=\"1h0uk97\" data-start=\"4212\" data-end=\"4226\">IP-Adresse<\/li><\/ul><hr data-start=\"4228\" data-end=\"4231\" \/><h5 data-section-id=\"23lymy\" data-start=\"4233\" data-end=\"4254\">Kontaktformular<\/h5><p data-start=\"4255\" data-end=\"4322\">Bei Nutzung des Kontaktformulars werden folgende Daten verarbeitet:<\/p><ul data-start=\"4324\" data-end=\"4379\"><li data-section-id=\"1t2yru7\" data-start=\"4324\" data-end=\"4332\">Name<\/li><li data-section-id=\"14is4c9\" data-start=\"4333\" data-end=\"4342\">Firma<\/li><li data-section-id=\"1iykec3\" data-start=\"4343\" data-end=\"4361\">E-Mail-Adresse<\/li><li data-section-id=\"3hqahn\" data-start=\"4362\" data-end=\"4379\">Telefonnummer<\/li><\/ul><p data-start=\"4381\" data-end=\"4436\">Die Verarbeitung erfolgt zur Bearbeitung Ihrer Anfrage.<\/p><hr data-start=\"4438\" data-end=\"4441\" \/><h5 data-section-id=\"1vmb7dn\" data-start=\"4443\" data-end=\"4480\">Anfrage per E-Mail oder Telefon<\/h5><p data-start=\"4481\" data-end=\"4567\">Wenn Sie uns kontaktieren, speichern wir Ihre Angaben zur Bearbeitung Ihres Anliegens.<\/p><hr data-start=\"4569\" data-end=\"4572\" \/><h5 data-section-id=\"15a628n\" data-start=\"4574\" data-end=\"4594\">5. Soziale Medien<\/h5><h5 data-section-id=\"sgknz2\" data-start=\"4596\" data-end=\"4611\">Instagram<\/h5><p data-start=\"4612\" data-end=\"4674\">Auf dieser Website ist eine Verlinkung zu Instagram vorhanden.<\/p><p data-start=\"4676\" data-end=\"4757\">Beim Anklicken verlassen Sie die Website und werden auf Instagram weitergeleitet.<\/p><hr data-start=\"4759\" data-end=\"4762\" \/><h5 data-section-id=\"k1sl2r\" data-start=\"4764\" data-end=\"4787\">6. Plugins und Tools<\/h5><hr data-start=\"4789\" data-end=\"4792\" \/><h5 data-section-id=\"1f00l56\" data-start=\"4794\" data-end=\"4821\">WordPress &amp; Elementor<\/h5><p data-start=\"4822\" data-end=\"4898\">Diese Website basiert auf WordPress und nutzt Elementor sowie Elementor Pro.<\/p><hr data-start=\"4900\" data-end=\"4903\" \/><h5 data-section-id=\"1o0j05n\" data-start=\"4905\" data-end=\"4931\">Google Fonts (lokal)<\/h5><p data-start=\"4932\" data-end=\"5033\">Die verwendeten Google Fonts sind lokal eingebunden.<br data-start=\"4984\" data-end=\"4987\" \/>Es erfolgt keine Verbindung zu Google-Servern.<\/p><hr data-start=\"5035\" data-end=\"5038\" \/><h5 data-section-id=\"1xiey59\" data-start=\"5040\" data-end=\"5055\">reCAPTCHA<\/h5><p data-start=\"5056\" data-end=\"5125\">Zum Schutz vor Spam nutzen wir <span class=\"hover:entity-accent entity-underline inline cursor-pointer align-baseline\"><span class=\"whitespace-normal\">Google reCAPTCHA v3<\/span><\/span>.<\/p><p data-start=\"5127\" data-end=\"5210\">Dabei k\u00f6nnen Daten wie IP-Adresse und Nutzerverhalten an Google \u00fcbermittelt werden.<\/p><p data-start=\"5212\" data-end=\"5259\">Die Verarbeitung erfolgt nur nach Einwilligung.<\/p><hr data-start=\"5261\" data-end=\"5264\" \/><h5 data-section-id=\"cmjtos\" data-start=\"5266\" data-end=\"5299\">7. Analyse- und Marketingtools<\/h5><p data-start=\"5301\" data-end=\"5399\">Derzeit werden keine Analyse- oder Marketingtools wie Google Analytics oder Meta Pixel eingesetzt.<\/p><hr data-start=\"5401\" data-end=\"5404\" \/><h5 data-section-id=\"1fkgkpt\" data-start=\"5406\" data-end=\"5423\">8. Bewerbungen<\/h5><h5 data-section-id=\"dvp8fd\" data-start=\"5425\" data-end=\"5455\">Umgang mit Bewerberdaten<\/h5><p data-start=\"5456\" data-end=\"5501\">Sie k\u00f6nnen sich \u00fcber unsere Website bewerben.<\/p><p data-start=\"5503\" data-end=\"5543\">Dabei werden folgende Daten verarbeitet:<\/p><ul data-start=\"5545\" data-end=\"5612\"><li data-section-id=\"1t2yru7\" data-start=\"5545\" data-end=\"5553\">Name<\/li><li data-section-id=\"1iykec3\" data-start=\"5554\" data-end=\"5572\">E-Mail-Adresse<\/li><li data-section-id=\"3hqahn\" data-start=\"5573\" data-end=\"5590\">Telefonnummer<\/li><li data-section-id=\"11w2l35\" data-start=\"5591\" data-end=\"5612\">gew\u00fcnschte Stelle<\/li><\/ul><p data-start=\"5614\" data-end=\"5696\">Bewerbungen werden per E-Mail weitergeleitet und zus\u00e4tzlich im System gespeichert.<\/p><hr data-start=\"5698\" data-end=\"5701\" \/><h5 data-section-id=\"145doa5\" data-start=\"5703\" data-end=\"5740\">Speicherdauer von Bewerberdaten<\/h5><p data-start=\"5741\" data-end=\"5874\">Bewerbungsdaten werden bis zu 6 Monate nach Abschluss des Verfahrens gespeichert, sofern keine gesetzlichen Pflichten entgegenstehen.<\/p><hr data-start=\"5876\" data-end=\"5879\" \/><h5 data-section-id=\"dp8b0o\" data-start=\"5881\" data-end=\"5914\">9. Aktualit\u00e4t und \u00c4nderungen<\/h5><p data-start=\"5915\" data-end=\"6040\">Diese Datenschutzerkl\u00e4rung kann angepasst werden, um rechtliche Anforderungen oder \u00c4nderungen der Website zu ber\u00fccksichtigen.<\/p>\t\t\t\t\t\t\t\t<\/div>\n\t\t\t\t<\/div>\n\t\t\t\t<\/div>\n\t\t\t\t<\/div>\n\t\t\t\t<\/div>\n\t\t\t\t<\/div>\n\t\t","protected":false},"excerpt":{"rendered":"<p>Datenschutz 1. Datenschutz auf einen Blick Allgemeine Hinweise Die folgenden Hinweise geben einen einfachen \u00dcberblick dar\u00fcber, was mit Ihren personenbezogenen Daten passiert, wenn Sie diese Website besuchen. Personenbezogene Daten sind alle Daten, mit denen Sie pers\u00f6nlich identifiziert werden k\u00f6nnen. Ausf\u00fchrliche Informationen zum Thema Datenschutz entnehmen Sie dieser Datenschutzerkl\u00e4rung. Datenerfassung auf dieser Website Wer ist verantwortlich [&hellip;]<\/p>\n","protected":false},"author":1,"featured_media":0,"parent":0,"menu_order":0,"comment_status":"closed","ping_status":"closed","template":"elementor_header_footer","meta":{"footnotes":""},"class_list":["post-1265","page","type-page","status-publish","hentry"],"_links":{"self":[{"href":"https:\/\/bochumer-grundbau.de\/index.php\/wp-json\/wp\/v2\/pages\/1265","targetHints":{"allow":["GET"]}}],"collection":[{"href":"https:\/\/bochumer-grundbau.de\/index.php\/wp-json\/wp\/v2\/pages"}],"about":[{"href":"https:\/\/bochumer-grundbau.de\/index.php\/wp-json\/wp\/v2\/types\/page"}],"author":[{"embeddable":true,"href":"https:\/\/bochumer-grundbau.de\/index.php\/wp-json\/wp\/v2\/users\/1"}],"replies":[{"embeddable":true,"href":"https:\/\/bochumer-grundbau.de\/index.php\/wp-json\/wp\/v2\/comments?post=1265"}],"version-history":[{"count":13,"href":"https:\/\/bochumer-grundbau.de\/index.php\/wp-json\/wp\/v2\/pages\/1265\/revisions"}],"predecessor-version":[{"id":1279,"href":"https:\/\/bochumer-grundbau.de\/index.php\/wp-json\/wp\/v2\/pages\/1265\/revisions\/1279"}],"wp:attachment":[{"href":"https:\/\/bochumer-grundbau.de\/index.php\/wp-json\/wp\/v2\/media?parent=1265"}],"curies":[{"name":"wp","href":"https:\/\/api.w.org\/{rel}","templated":true}]}}